{"id":938,"date":"2022-03-04T04:32:55","date_gmt":"2022-03-04T04:32:55","guid":{"rendered":"https:\/\/stoetfloorball.dk\/?page_id=938"},"modified":"2023-05-17T11:44:42","modified_gmt":"2023-05-17T09:44:42","slug":"admission","status":"publish","type":"page","link":"https:\/\/stoetfloorball.dk\/?page_id=938","title":{"rendered":"Admission"},"content":{"rendered":"\t\t<div data-elementor-type=\"wp-page\" data-elementor-id=\"938\" class=\"elementor elementor-938\">\n\t\t\t\t\t\t<section class=\"elementor-section elementor-top-section elementor-element elementor-element-fbd8b85 elementor-section-boxed elementor-section-height-default elementor-section-height-default\" data-id=\"fbd8b85\" data-element_type=\"section\" data-e-type=\"section\" data-settings=\"{&quot;background_background&quot;:&quot;classic&quot;}\">\n\t\t\t\t\t\t<div class=\"elementor-container elementor-column-gap-no\">\n\t\t\t\t\t<div class=\"elementor-column elementor-col-100 elementor-top-column elementor-element elementor-element-12023fb\" data-id=\"12023fb\" data-element_type=\"column\" data-e-type=\"column\">\n\t\t\t<div class=\"elementor-widget-wrap\">\n\t\t\t\t\t\t\t<\/div>\n\t\t<\/div>\n\t\t\t\t\t<\/div>\n\t\t<\/section>\n\t\t\t\t<section class=\"elementor-section elementor-top-section elementor-element elementor-element-6137742 elementor-section-boxed elementor-section-height-default elementor-section-height-default\" data-id=\"6137742\" data-element_type=\"section\" data-e-type=\"section\">\n\t\t\t\t\t\t<div class=\"elementor-container elementor-column-gap-default\">\n\t\t\t\t\t<div class=\"elementor-column elementor-col-50 elementor-top-column elementor-element elementor-element-6317c20\" data-id=\"6317c20\" data-element_type=\"column\" data-e-type=\"column\">\n\t\t\t<div class=\"elementor-widget-wrap elementor-element-populated\">\n\t\t\t\t\t\t<div class=\"elementor-element elementor-element-757964b elementor-widget elementor-widget-heading\" data-id=\"757964b\" data-element_type=\"widget\" data-e-type=\"widget\" data-widget_type=\"heading.default\">\n\t\t\t\t<div class=\"elementor-widget-container\">\n\t\t\t\t\t<h2 class=\"elementor-heading-title elementor-size-default\">Hvem og hvordan st\u00f8tter vi ?<\/h2>\t\t\t\t<\/div>\n\t\t\t\t<\/div>\n\t\t\t\t<div class=\"elementor-element elementor-element-0427194 elementor-widget elementor-widget-image\" data-id=\"0427194\" data-element_type=\"widget\" data-e-type=\"widget\" data-widget_type=\"image.default\">\n\t\t\t\t<div class=\"elementor-widget-container\">\n\t\t\t\t\t\t\t\t\t\t\t\t\t\t\t<img fetchpriority=\"high\" decoding=\"async\" width=\"512\" height=\"512\" src=\"https:\/\/stoetfloorball.dk\/wp-content\/uploads\/2023\/05\/K7KXon6G.jpg\" class=\"attachment-large size-large wp-image-2198\" alt=\"\" srcset=\"https:\/\/stoetfloorball.dk\/wp-content\/uploads\/2023\/05\/K7KXon6G.jpg 512w, https:\/\/stoetfloorball.dk\/wp-content\/uploads\/2023\/05\/K7KXon6G-300x300.jpg 300w, https:\/\/stoetfloorball.dk\/wp-content\/uploads\/2023\/05\/K7KXon6G-150x150.jpg 150w\" sizes=\"(max-width: 512px) 100vw, 512px\" \/>\t\t\t\t\t\t\t\t\t\t\t\t\t\t\t<\/div>\n\t\t\t\t<\/div>\n\t\t\t\t\t<\/div>\n\t\t<\/div>\n\t\t\t\t<div class=\"elementor-column elementor-col-50 elementor-top-column elementor-element elementor-element-638b6f4\" data-id=\"638b6f4\" data-element_type=\"column\" data-e-type=\"column\">\n\t\t\t<div class=\"elementor-widget-wrap elementor-element-populated\">\n\t\t\t\t\t\t<div class=\"elementor-element elementor-element-b7ca319 elementor-widget elementor-widget-text-editor\" data-id=\"b7ca319\" data-element_type=\"widget\" data-e-type=\"widget\" data-widget_type=\"text-editor.default\">\n\t\t\t\t<div class=\"elementor-widget-container\">\n\t\t\t\t\t\t\t\t\t<p>St\u00f8tteforeningen for Powerchair Floorball Danmark st\u00f8tter spillere og klubber i dansk Powerchair Floorball.<\/p><p>St\u00f8tten ydes f\u00f8rst og fremmest til konkrete projekter, aktiviteter og initiativer, der har til hensigt at fastholde og\/eller udvikle Powerchair Floorball i Danmark.<\/p><p>I s\u00e6rlige tilf\u00e6lde ydes der st\u00f8tte til individuelle spillere herunder s\u00e6rligt til spillere, der er \u00f8konomisk tr\u00e6ngte, og som derfor har behov for en \u00f8konomisk h\u00e5ndsr\u00e6kning i forbindelse med at deltage i Powerchair Floorball relaterede aktiviteter.<\/p><p>\u00a0<\/p><p>Der er ikke en fastsat bel\u00f8bsgr\u00e6nse for omfanget af st\u00f8tte, der kan ydes, og det er s\u00e5ledes alene begr\u00e6nset af hvor mange midler, St\u00f8tteforeningen for Powerchair Floorball Danmark har indest\u00e5ende.<\/p><p>\u00a0 <br \/>Det tilstr\u00e6bes imidlertid altid, at st\u00f8ttens omfang ydes proportionel med karakteren og omfanget af den aktivitet eller det projekt, der er fremsendt ans\u00f8gning om st\u00f8tte til.<\/p>\t\t\t\t\t\t\t\t<\/div>\n\t\t\t\t<\/div>\n\t\t\t\t\t<\/div>\n\t\t<\/div>\n\t\t\t\t\t<\/div>\n\t\t<\/section>\n\t\t\t\t<section class=\"elementor-section elementor-top-section elementor-element elementor-element-51f73a1 elementor-section-boxed elementor-section-height-default elementor-section-height-default\" data-id=\"51f73a1\" data-element_type=\"section\" data-e-type=\"section\">\n\t\t\t\t\t\t<div class=\"elementor-container elementor-column-gap-default\">\n\t\t\t\t\t<div class=\"elementor-column elementor-col-50 elementor-top-column elementor-element elementor-element-cd5d247\" data-id=\"cd5d247\" data-element_type=\"column\" data-e-type=\"column\">\n\t\t\t<div class=\"elementor-widget-wrap elementor-element-populated\">\n\t\t\t\t\t\t<div class=\"elementor-element elementor-element-218fa36 elementor-widget elementor-widget-text-editor\" data-id=\"218fa36\" data-element_type=\"widget\" data-e-type=\"widget\" data-widget_type=\"text-editor.default\">\n\t\t\t\t<div class=\"elementor-widget-container\">\n\t\t\t\t\t\t\t\t\t<p>Send en begrundet ans\u00f8gning, der beskriver form\u00e5l og \u00f8nsket bel\u00f8b.\u00a0<\/p><p>Hvis ans\u00f8gningen vedr\u00f8rer st\u00f8rre projekter, s\u00e5 bedes budget og projektbeskrivelse vedl\u00e6gges den begrundede ans\u00f8gning.\u00a0<\/p><p>Ans\u00f8gninger skal rettes til<\/p><p><a href=\"mailto:stoetteforening@powerchairfloorball.dk\">stoetteforening@powerchairfloorball.dk<\/a><\/p><p>Bestyrelsen m\u00f8des l\u00f8bende efter behov og behandler\u00a0 indkomne ans\u00f8gninger.<\/p>\t\t\t\t\t\t\t\t<\/div>\n\t\t\t\t<\/div>\n\t\t\t\t\t<\/div>\n\t\t<\/div>\n\t\t\t\t<div class=\"elementor-column elementor-col-50 elementor-top-column elementor-element elementor-element-4578875\" data-id=\"4578875\" data-element_type=\"column\" data-e-type=\"column\">\n\t\t\t<div class=\"elementor-widget-wrap elementor-element-populated\">\n\t\t\t\t\t\t<div class=\"elementor-element elementor-element-78c3e5c elementor-widget elementor-widget-image\" data-id=\"78c3e5c\" data-element_type=\"widget\" data-e-type=\"widget\" data-widget_type=\"image.default\">\n\t\t\t\t<div class=\"elementor-widget-container\">\n\t\t\t\t\t\t\t\t\t\t\t\t\t\t\t<img decoding=\"async\" width=\"1024\" height=\"683\" src=\"https:\/\/stoetfloorball.dk\/wp-content\/uploads\/2023\/05\/PCH-5873-1024x683.jpg\" class=\"attachment-large size-large wp-image-2423\" alt=\"\" srcset=\"https:\/\/stoetfloorball.dk\/wp-content\/uploads\/2023\/05\/PCH-5873-1024x683.jpg 1024w, https:\/\/stoetfloorball.dk\/wp-content\/uploads\/2023\/05\/PCH-5873-scaled-e1683830080199-300x200.jpg 300w, https:\/\/stoetfloorball.dk\/wp-content\/uploads\/2023\/05\/PCH-5873-768x512.jpg 768w, https:\/\/stoetfloorball.dk\/wp-content\/uploads\/2023\/05\/PCH-5873-1536x1024.jpg 1536w, https:\/\/stoetfloorball.dk\/wp-content\/uploads\/2023\/05\/PCH-5873-2048x1365.jpg 2048w, https:\/\/stoetfloorball.dk\/wp-content\/uploads\/2023\/05\/PCH-5873-scaled-e1683830080199.jpg 600w\" sizes=\"(max-width: 1024px) 100vw, 1024px\" \/>\t\t\t\t\t\t\t\t\t\t\t\t\t\t\t<\/div>\n\t\t\t\t<\/div>\n\t\t\t\t\t<\/div>\n\t\t<\/div>\n\t\t\t\t\t<\/div>\n\t\t<\/section>\n\t\t\t\t<section class=\"elementor-section elementor-top-section elementor-element elementor-element-f2536fa elementor-section-boxed elementor-section-height-default elementor-section-height-default\" data-id=\"f2536fa\" data-element_type=\"section\" data-e-type=\"section\">\n\t\t\t\t\t\t<div class=\"elementor-container elementor-column-gap-default\">\n\t\t\t\t\t<div class=\"elementor-column elementor-col-50 elementor-top-column elementor-element elementor-element-2e980b3\" data-id=\"2e980b3\" data-element_type=\"column\" data-e-type=\"column\">\n\t\t\t<div class=\"elementor-widget-wrap elementor-element-populated\">\n\t\t\t\t\t\t<div class=\"elementor-element elementor-element-20b1674 elementor-widget elementor-widget-spacer\" data-id=\"20b1674\" data-element_type=\"widget\" data-e-type=\"widget\" data-widget_type=\"spacer.default\">\n\t\t\t\t<div class=\"elementor-widget-container\">\n\t\t\t\t\t\t\t<div class=\"elementor-spacer\">\n\t\t\t<div class=\"elementor-spacer-inner\"><\/div>\n\t\t<\/div>\n\t\t\t\t\t\t<\/div>\n\t\t\t\t<\/div>\n\t\t\t\t<div class=\"elementor-element elementor-element-420c0c8 elementor-widget elementor-widget-heading\" data-id=\"420c0c8\" data-element_type=\"widget\" data-e-type=\"widget\" data-widget_type=\"heading.default\">\n\t\t\t\t<div class=\"elementor-widget-container\">\n\t\t\t\t\t<h2 class=\"elementor-heading-title elementor-size-default\">Jakob Dahls mindelegat\n<\/h2>\t\t\t\t<\/div>\n\t\t\t\t<\/div>\n\t\t\t\t<div class=\"elementor-element elementor-element-43cd4c1 elementor-widget elementor-widget-text-editor\" data-id=\"43cd4c1\" data-element_type=\"widget\" data-e-type=\"widget\" data-widget_type=\"text-editor.default\">\n\t\t\t\t<div class=\"elementor-widget-container\">\n\t\t\t\t\t\t\t\t\t<p>St\u00f8tteforeningen forvalter Jakob Dahls mindelegat. Her er form\u00e5let f\u00f8rst og fremmest at st\u00f8tte talentfulde powerchair floorball spillere, der har behov for en \u00f8konomisk h\u00e5ndsr\u00e6kning for at kunne deltage i turneringer og tr\u00e6ningssamlinger i klub- og\/eller landsholdssammenh\u00e6ng.<\/p><p><strong>Hvem kan ans\u00f8ge?<\/strong><\/p><p>For at kunne komme i betragtning til \u00f8konomisk st\u00f8tte kr\u00e6ver det:<br \/>&#8211; Du er en aktiv powerchair floorball spiller<br \/>&#8211; Du er medlem af en klub<br \/>&#8211; Du har begr\u00e6nsede \u00f8konomiske midler.<\/p>\t\t\t\t\t\t\t\t<\/div>\n\t\t\t\t<\/div>\n\t\t\t\t\t<\/div>\n\t\t<\/div>\n\t\t\t\t<div class=\"elementor-column elementor-col-50 elementor-top-column elementor-element elementor-element-d2d56e6\" data-id=\"d2d56e6\" data-element_type=\"column\" data-e-type=\"column\">\n\t\t\t<div class=\"elementor-widget-wrap elementor-element-populated\">\n\t\t\t\t\t\t<div class=\"elementor-element elementor-element-8f6961b elementor-widget elementor-widget-spacer\" data-id=\"8f6961b\" data-element_type=\"widget\" data-e-type=\"widget\" data-widget_type=\"spacer.default\">\n\t\t\t\t<div class=\"elementor-widget-container\">\n\t\t\t\t\t\t\t<div class=\"elementor-spacer\">\n\t\t\t<div class=\"elementor-spacer-inner\"><\/div>\n\t\t<\/div>\n\t\t\t\t\t\t<\/div>\n\t\t\t\t<\/div>\n\t\t\t\t<div class=\"elementor-element elementor-element-9743cd2 elementor-widget elementor-widget-image\" data-id=\"9743cd2\" data-element_type=\"widget\" data-e-type=\"widget\" data-widget_type=\"image.default\">\n\t\t\t\t<div class=\"elementor-widget-container\">\n\t\t\t\t\t\t\t\t\t\t\t\t\t\t\t<img decoding=\"async\" width=\"1024\" height=\"683\" src=\"https:\/\/stoetfloorball.dk\/wp-content\/uploads\/2023\/05\/PCH-9121-1024x683.jpg\" class=\"attachment-large size-large wp-image-2458\" alt=\"\" srcset=\"https:\/\/stoetfloorball.dk\/wp-content\/uploads\/2023\/05\/PCH-9121-1024x683.jpg 1024w, https:\/\/stoetfloorball.dk\/wp-content\/uploads\/2023\/05\/PCH-9121-scaled-e1684315630714-300x201.jpg 300w, https:\/\/stoetfloorball.dk\/wp-content\/uploads\/2023\/05\/PCH-9121-768x513.jpg 768w, https:\/\/stoetfloorball.dk\/wp-content\/uploads\/2023\/05\/PCH-9121-1536x1025.jpg 1536w, https:\/\/stoetfloorball.dk\/wp-content\/uploads\/2023\/05\/PCH-9121-2048x1367.jpg 2048w, https:\/\/stoetfloorball.dk\/wp-content\/uploads\/2023\/05\/PCH-9121-scaled-e1684315630714.jpg 600w\" sizes=\"(max-width: 1024px) 100vw, 1024px\" \/>\t\t\t\t\t\t\t\t\t\t\t\t\t\t\t<\/div>\n\t\t\t\t<\/div>\n\t\t\t\t\t<\/div>\n\t\t<\/div>\n\t\t\t\t\t<\/div>\n\t\t<\/section>\n\t\t\t\t<section class=\"elementor-section elementor-top-section elementor-element elementor-element-6b936c1 elementor-section-boxed elementor-section-height-default elementor-section-height-default\" data-id=\"6b936c1\" data-element_type=\"section\" data-e-type=\"section\">\n\t\t\t\t\t\t<div class=\"elementor-container elementor-column-gap-default\">\n\t\t\t\t\t<div class=\"elementor-column elementor-col-50 elementor-top-column elementor-element elementor-element-c2fdfcf\" data-id=\"c2fdfcf\" data-element_type=\"column\" data-e-type=\"column\">\n\t\t\t<div class=\"elementor-widget-wrap elementor-element-populated\">\n\t\t\t\t\t\t<div class=\"elementor-element elementor-element-fae57a7 elementor-widget elementor-widget-image\" data-id=\"fae57a7\" data-element_type=\"widget\" data-e-type=\"widget\" data-widget_type=\"image.default\">\n\t\t\t\t<div class=\"elementor-widget-container\">\n\t\t\t\t\t\t\t\t\t\t\t\t\t\t\t<img loading=\"lazy\" decoding=\"async\" width=\"1024\" height=\"683\" src=\"https:\/\/stoetfloorball.dk\/wp-content\/uploads\/2023\/05\/PCH-5841-1024x683.jpg\" class=\"attachment-large size-large wp-image-2641\" alt=\"\" srcset=\"https:\/\/stoetfloorball.dk\/wp-content\/uploads\/2023\/05\/PCH-5841-1024x683.jpg 1024w, https:\/\/stoetfloorball.dk\/wp-content\/uploads\/2023\/05\/PCH-5841-scaled-e1684316573433-300x200.jpg 300w, https:\/\/stoetfloorball.dk\/wp-content\/uploads\/2023\/05\/PCH-5841-768x512.jpg 768w, https:\/\/stoetfloorball.dk\/wp-content\/uploads\/2023\/05\/PCH-5841-1536x1024.jpg 1536w, https:\/\/stoetfloorball.dk\/wp-content\/uploads\/2023\/05\/PCH-5841-2048x1365.jpg 2048w, https:\/\/stoetfloorball.dk\/wp-content\/uploads\/2023\/05\/PCH-5841-scaled-e1684316573433.jpg 600w\" sizes=\"(max-width: 1024px) 100vw, 1024px\" \/>\t\t\t\t\t\t\t\t\t\t\t\t\t\t\t<\/div>\n\t\t\t\t<\/div>\n\t\t\t\t\t<\/div>\n\t\t<\/div>\n\t\t\t\t<div class=\"elementor-column elementor-col-50 elementor-top-column elementor-element elementor-element-4919df8\" data-id=\"4919df8\" data-element_type=\"column\" data-e-type=\"column\">\n\t\t\t<div class=\"elementor-widget-wrap elementor-element-populated\">\n\t\t\t\t\t\t<div class=\"elementor-element elementor-element-ee10721 elementor-widget elementor-widget-text-editor\" data-id=\"ee10721\" data-element_type=\"widget\" data-e-type=\"widget\" data-widget_type=\"text-editor.default\">\n\t\t\t\t<div class=\"elementor-widget-container\">\n\t\t\t\t\t\t\t\t\t<p><strong>Hvordan ans\u00f8ger jeg?<br \/><\/strong>For at ans\u00f8ge om \u00f8konomisk st\u00f8tte via Jakob Dahls mindelegat skal du fremsende en motiveret ans\u00f8gning til st\u00f8tteforeningen for Powerchair Floorball. Ans\u00f8gningen skal bl.a. indeholde oplysninger om f\u00f8lgende:<br \/>&#8211; Hvilken aktivitet der ans\u00f8ges om \u00f8konomisk tilskud til<br \/>&#8211; Hvad den samlede aktivitet koster, og hvilket bel\u00f8b der ans\u00f8ges om<br \/>&#8211; Hvad dit fors\u00f8rgelsesgrundlag er<br \/>&#8211; Hvad baggrunden er for, at du ans\u00f8ger om \u00f8konomisk tilskud til lige netop p\u00e5g\u00e6ldende aktivitet.<\/p><p>Du skal sende din ans\u00f8gning til <a href=\"mailto:stoetteforening@powerchairfloorball.dk\">stoetteforening@powerchairfloorball.dk<\/a> <br \/>Ans\u00f8gninger vil blive behandlet konkret og individuelt l\u00f8bende p\u00e5 st\u00f8tteforeningens bestyrelsesm\u00f8der, og hvis vi har uddybende sp\u00f8rgsm\u00e5l, vil du blive kontaktet af os. <br \/>N\u00e5r vi har foretaget en endelig vurdering af din ans\u00f8gning, vil du modtage et skriftlig svar med en kort begrundelse for vores beslutning.<\/p><p>\u00a0<\/p>\t\t\t\t\t\t\t\t<\/div>\n\t\t\t\t<\/div>\n\t\t\t\t\t<\/div>\n\t\t<\/div>\n\t\t\t\t\t<\/div>\n\t\t<\/section>\n\t\t\t\t<\/div>\n\t\t","protected":false},"excerpt":{"rendered":"<p>Hvem og hvordan st\u00f8tter vi ? St\u00f8tteforeningen for Powerchair Floorball Danmark st\u00f8tter spillere og klubber i dansk Powerchair Floorball. St\u00f8tten ydes f\u00f8rst og fremmest til konkrete projekter, aktiviteter og initiativer, der har til hensigt at fastholde og\/eller udvikle Powerchair Floorball i Danmark. I s\u00e6rlige tilf\u00e6lde ydes der st\u00f8tte til individuelle spillere herunder s\u00e6rligt til spillere, &hellip;<\/p>\n<p class=\"read-more\"> <a class=\"\" href=\"https:\/\/stoetfloorball.dk\/?page_id=938\"> <span class=\"screen-reader-text\">Admission<\/span> L\u00e6s mere &raquo;<\/a><\/p>\n","protected":false},"author":1,"featured_media":0,"parent":0,"menu_order":0,"comment_status":"closed","ping_status":"closed","template":"","meta":{"site-sidebar-layout":"no-sidebar","site-content-layout":"page-builder","ast-global-header-display":"","ast-main-header-display":"","ast-hfb-above-header-display":"","ast-hfb-below-header-display":"","ast-hfb-mobile-header-display":"","site-post-title":"disabled","ast-breadcrumbs-content":"","ast-featured-img":"disabled","footer-sml-layout":"","theme-transparent-header-meta":"enabled","adv-header-id-meta":"","stick-header-meta":"","header-above-stick-meta":"","header-main-stick-meta":"","header-below-stick-meta":"","footnotes":""},"class_list":["post-938","page","type-page","status-publish","hentry"],"_links":{"self":[{"href":"https:\/\/stoetfloorball.dk\/index.php?rest_route=\/wp\/v2\/pages\/938","targetHints":{"allow":["GET"]}}],"collection":[{"href":"https:\/\/stoetfloorball.dk\/index.php?rest_route=\/wp\/v2\/pages"}],"about":[{"href":"https:\/\/stoetfloorball.dk\/index.php?rest_route=\/wp\/v2\/types\/page"}],"author":[{"embeddable":true,"href":"https:\/\/stoetfloorball.dk\/index.php?rest_route=\/wp\/v2\/users\/1"}],"replies":[{"embeddable":true,"href":"https:\/\/stoetfloorball.dk\/index.php?rest_route=%2Fwp%2Fv2%2Fcomments&post=938"}],"version-history":[{"count":97,"href":"https:\/\/stoetfloorball.dk\/index.php?rest_route=\/wp\/v2\/pages\/938\/revisions"}],"predecessor-version":[{"id":2647,"href":"https:\/\/stoetfloorball.dk\/index.php?rest_route=\/wp\/v2\/pages\/938\/revisions\/2647"}],"wp:attachment":[{"href":"https:\/\/stoetfloorball.dk\/index.php?rest_route=%2Fwp%2Fv2%2Fmedia&parent=938"}],"curies":[{"name":"wp","href":"https:\/\/api.w.org\/{rel}","templated":true}]}}